{"id":1837,"date":"2023-11-16T13:44:34","date_gmt":"2023-11-16T10:44:34","guid":{"rendered":"https:\/\/bakecakes.com.tr\/?page_id=1837"},"modified":"2023-11-16T13:50:29","modified_gmt":"2023-11-16T10:50:29","slug":"blog","status":"publish","type":"page","link":"https:\/\/bakecakes.com.tr\/en\/blog\/","title":{"rendered":"Blog"},"content":{"rendered":"<div data-elementor-type=\"wp-page\" data-elementor-id=\"1837\" class=\"elementor elementor-1837\" data-elementor-post-type=\"page\">\n\t\t\t\t<div class=\"elementor-element elementor-element-2ed110a e-flex e-con-boxed e-con e-parent\" data-id=\"2ed110a\" data-element_type=\"container\">\n\t\t\t\t\t<div class=\"e-con-inner\">\n\t\t\t\t<div class=\"elementor-element elementor-element-e019b35 elementor-grid-3 elementor-grid-tablet-2 elementor-grid-mobile-1 elementor-posts--thumbnail-top elementor-posts--show-avatar elementor-card-shadow-yes elementor-posts__hover-gradient elementor-widget elementor-widget-posts\" data-id=\"e019b35\" data-element_type=\"widget\" data-settings=\"{&quot;cards_masonry&quot;:&quot;yes&quot;,&quot;pagination_type&quot;:&quot;numbers&quot;,&quot;cards_columns&quot;:&quot;3&quot;,&quot;cards_columns_tablet&quot;:&quot;2&quot;,&quot;cards_columns_mobile&quot;:&quot;1&quot;,&quot;cards_row_gap&quot;:{&quot;unit&quot;:&quot;px&quot;,&quot;size&quot;:35,&quot;sizes&quot;:[]},&quot;cards_row_gap_tablet&quot;:{&quot;unit&quot;:&quot;px&quot;,&quot;size&quot;:&quot;&quot;,&quot;sizes&quot;:[]},&quot;cards_row_gap_mobile&quot;:{&quot;unit&quot;:&quot;px&quot;,&quot;size&quot;:&quot;&quot;,&quot;sizes&quot;:[]}}\" data-widget_type=\"posts.cards\">\n\t\t\t\t<div class=\"elementor-widget-container\">\n\t\t\t\t\t\t\t<div class=\"elementor-posts-container elementor-posts elementor-posts--skin-cards elementor-grid\">\n\t\t\t\t<article class=\"elementor-post elementor-grid-item post-1827 post type-post status-publish format-standard hentry category-blog tag-lezzetli-tatlilar tag-pasta-susleme tag-pasta-tasarimi tag-pasta-yapimi tag-pastacilik tag-pastane-tarifleri tag-renkli-seker-hamuru tag-sanat-eseri-pasta tag-seker-hamurlu-pasta tag-seker-hamuru-kullanimi\">\n\t\t\t<div class=\"elementor-post__card\">\n\t\t\t\t<div class=\"elementor-post__text\">\n\t\t\t\t<h6 class=\"elementor-post__title\">\n\t\t\t<a href=\"https:\/\/bakecakes.com.tr\/en\/tatli-bir-ziyafet-seker-hamurlu-pasta\/\" >\n\t\t\t\tTatl\u0131 Bir Ziyafet: \u015eeker Hamurlu Pasta\t\t\t<\/a>\n\t\t<\/h6>\n\t\t\t\t<div class=\"elementor-post__excerpt\">\n\t\t\t<p>G\u00fcn\u00fcm\u00fczde pastalar sadece \u00f6zel g\u00fcnlerin vazge\u00e7ilmez lezzetleri de\u011fil, ayn\u0131 zamanda sanat eserleri haline gelmi\u015f durumda. \u0130\u00e7erisinde birbirinden \u00f6zel malzemeler ve tasar\u0131mlar bar\u0131nd\u0131ran pastalar, \u00f6zel anlar\u0131m\u0131za<\/p>\n\t\t<\/div>\n\t\t\n\t\t<a class=\"elementor-post__read-more\" href=\"https:\/\/bakecakes.com.tr\/en\/tatli-bir-ziyafet-seker-hamurlu-pasta\/\" aria-label=\"Read more about Tatl\u0131 Bir Ziyafet: \u015eeker Hamurlu Pasta\" >\n\t\t\tDaha fazlas\u0131 \u00bb\t\t<\/a>\n\n\t\t\t\t<\/div>\n\t\t\t\t<div class=\"elementor-post__meta-data\">\n\t\t\t\t\t<span class=\"elementor-post-date\">\n\t\t\t16 November 2023\t\t<\/span>\n\t\t\t\t<span class=\"elementor-post-avatar\">\n\t\t\tNo Comments\t\t<\/span>\n\t\t\t\t<\/div>\n\t\t\t\t\t<\/div>\n\t\t<\/article>\n\t\t\t\t<\/div>\n\t\t\n\t\t\t\t\t\t<\/div>\n\t\t\t\t<\/div>\n\t\t\t\t\t<\/div>\n\t\t\t\t<\/div>\n\t\t\t\t<\/div>","protected":false},"excerpt":{"rendered":"","protected":false},"author":1,"featured_media":0,"parent":0,"menu_order":0,"comment_status":"closed","ping_status":"closed","template":"","meta":{"two_page_speed":[],"footnotes":""},"class_list":["post-1837","page","type-page","status-publish","hentry"],"yoast_head":"<!-- This site is optimized with the Yoast SEO Premium plugin v20.2.1 (Yoast SEO v25.4) - https:\/\/yoast.com\/wordpress\/plugins\/seo\/ -->\n<title>Blog | Bake Cakes<\/title>\n<meta name=\"robots\" content=\"index, follow, max-snippet:-1, max-image-preview:large, max-video-preview:-1\" \/>\n<link rel=\"canonical\" href=\"https:\/\/bakecakes.com.tr\/en\/blog\/\" \/>\n<meta property=\"og:locale\" content=\"en_US\" \/>\n<meta property=\"og:type\" content=\"article\" \/>\n<meta property=\"og:title\" content=\"Blog\" \/>\n<meta property=\"og:url\" content=\"https:\/\/bakecakes.com.tr\/en\/blog\/\" \/>\n<meta property=\"og:site_name\" content=\"Bake Cakes\" \/>\n<meta property=\"article:modified_time\" content=\"2023-11-16T10:50:29+00:00\" \/>\n<meta property=\"og:image\" content=\"https:\/\/bakecakes.com.tr\/wp-content\/uploads\/2023\/09\/Varlik-2.png\" \/>\n\t<meta property=\"og:image:width\" content=\"6663\" \/>\n\t<meta property=\"og:image:height\" content=\"1702\" \/>\n\t<meta property=\"og:image:type\" content=\"image\/png\" \/>\n<meta name=\"twitter:card\" content=\"summary_large_image\" \/>\n<meta name=\"twitter:label1\" content=\"Est. reading time\" \/>\n\t<meta name=\"twitter:data1\" content=\"2 minutes\" \/>\n<script type=\"application\/ld+json\" class=\"yoast-schema-graph\">{\"@context\":\"https:\/\/schema.org\",\"@graph\":[{\"@type\":\"WebPage\",\"@id\":\"https:\/\/bakecakes.com.tr\/en\/blog\/\",\"url\":\"https:\/\/bakecakes.com.tr\/en\/blog\/\",\"name\":\"Blog | Bake Cakes\",\"isPartOf\":{\"@id\":\"https:\/\/bakecakes.com.tr\/en\/#website\"},\"datePublished\":\"2023-11-16T10:44:34+00:00\",\"dateModified\":\"2023-11-16T10:50:29+00:00\",\"breadcrumb\":{\"@id\":\"https:\/\/bakecakes.com.tr\/en\/blog\/#breadcrumb\"},\"inLanguage\":\"en-US\",\"potentialAction\":[{\"@type\":\"ReadAction\",\"target\":[\"https:\/\/bakecakes.com.tr\/en\/blog\/\"]}]},{\"@type\":\"BreadcrumbList\",\"@id\":\"https:\/\/bakecakes.com.tr\/en\/blog\/#breadcrumb\",\"itemListElement\":[{\"@type\":\"ListItem\",\"position\":1,\"name\":\"Home\",\"item\":\"https:\/\/bakecakes.com.tr\/\"},{\"@type\":\"ListItem\",\"position\":2,\"name\":\"Blog\"}]},{\"@type\":\"WebSite\",\"@id\":\"https:\/\/bakecakes.com.tr\/en\/#website\",\"url\":\"https:\/\/bakecakes.com.tr\/en\/\",\"name\":\"Bake Cakes\",\"description\":\"\",\"publisher\":{\"@id\":\"https:\/\/bakecakes.com.tr\/en\/#organization\"},\"potentialAction\":[{\"@type\":\"SearchAction\",\"target\":{\"@type\":\"EntryPoint\",\"urlTemplate\":\"https:\/\/bakecakes.com.tr\/en\/?s={search_term_string}\"},\"query-input\":{\"@type\":\"PropertyValueSpecification\",\"valueRequired\":true,\"valueName\":\"search_term_string\"}}],\"inLanguage\":\"en-US\"},{\"@type\":\"Organization\",\"@id\":\"https:\/\/bakecakes.com.tr\/en\/#organization\",\"name\":\"Bake Cakes\",\"url\":\"https:\/\/bakecakes.com.tr\/en\/\",\"logo\":{\"@type\":\"ImageObject\",\"inLanguage\":\"en-US\",\"@id\":\"https:\/\/bakecakes.com.tr\/en\/#\/schema\/logo\/image\/\",\"url\":\"https:\/\/bakecakes.com.tr\/wp-content\/uploads\/2023\/09\/Varlik-2.png\",\"contentUrl\":\"https:\/\/bakecakes.com.tr\/wp-content\/uploads\/2023\/09\/Varlik-2.png\",\"width\":6663,\"height\":1702,\"caption\":\"Bake Cakes\"},\"image\":{\"@id\":\"https:\/\/bakecakes.com.tr\/en\/#\/schema\/logo\/image\/\"},\"sameAs\":[\"https:\/\/www.instagram.com\/bakecakesss\/\"]}]}<\/script>\n<!-- \/ Yoast SEO Premium plugin. -->","yoast_head_json":{"title":"Blog | Bake Cakes","robots":{"index":"index","follow":"follow","max-snippet":"max-snippet:-1","max-image-preview":"max-image-preview:large","max-video-preview":"max-video-preview:-1"},"canonical":"https:\/\/bakecakes.com.tr\/en\/blog\/","og_locale":"en_US","og_type":"article","og_title":"Blog","og_url":"https:\/\/bakecakes.com.tr\/en\/blog\/","og_site_name":"Bake Cakes","article_modified_time":"2023-11-16T10:50:29+00:00","og_image":[{"width":6663,"height":1702,"url":"https:\/\/bakecakes.com.tr\/wp-content\/uploads\/2023\/09\/Varlik-2.png","type":"image\/png"}],"twitter_card":"summary_large_image","twitter_misc":{"Est. reading time":"2 minutes"},"schema":{"@context":"https:\/\/schema.org","@graph":[{"@type":"WebPage","@id":"https:\/\/bakecakes.com.tr\/en\/blog\/","url":"https:\/\/bakecakes.com.tr\/en\/blog\/","name":"Blog | Bake Cakes","isPartOf":{"@id":"https:\/\/bakecakes.com.tr\/en\/#website"},"datePublished":"2023-11-16T10:44:34+00:00","dateModified":"2023-11-16T10:50:29+00:00","breadcrumb":{"@id":"https:\/\/bakecakes.com.tr\/en\/blog\/#breadcrumb"},"inLanguage":"en-US","potentialAction":[{"@type":"ReadAction","target":["https:\/\/bakecakes.com.tr\/en\/blog\/"]}]},{"@type":"BreadcrumbList","@id":"https:\/\/bakecakes.com.tr\/en\/blog\/#breadcrumb","itemListElement":[{"@type":"ListItem","position":1,"name":"Home","item":"https:\/\/bakecakes.com.tr\/"},{"@type":"ListItem","position":2,"name":"Blog"}]},{"@type":"WebSite","@id":"https:\/\/bakecakes.com.tr\/en\/#website","url":"https:\/\/bakecakes.com.tr\/en\/","name":"Bake Cakes","description":"","publisher":{"@id":"https:\/\/bakecakes.com.tr\/en\/#organization"},"potentialAction":[{"@type":"SearchAction","target":{"@type":"EntryPoint","urlTemplate":"https:\/\/bakecakes.com.tr\/en\/?s={search_term_string}"},"query-input":{"@type":"PropertyValueSpecification","valueRequired":true,"valueName":"search_term_string"}}],"inLanguage":"en-US"},{"@type":"Organization","@id":"https:\/\/bakecakes.com.tr\/en\/#organization","name":"Bake Cakes","url":"https:\/\/bakecakes.com.tr\/en\/","logo":{"@type":"ImageObject","inLanguage":"en-US","@id":"https:\/\/bakecakes.com.tr\/en\/#\/schema\/logo\/image\/","url":"https:\/\/bakecakes.com.tr\/wp-content\/uploads\/2023\/09\/Varlik-2.png","contentUrl":"https:\/\/bakecakes.com.tr\/wp-content\/uploads\/2023\/09\/Varlik-2.png","width":6663,"height":1702,"caption":"Bake Cakes"},"image":{"@id":"https:\/\/bakecakes.com.tr\/en\/#\/schema\/logo\/image\/"},"sameAs":["https:\/\/www.instagram.com\/bakecakesss\/"]}]}},"lang":"tr","translations":{"tr":1837},"_links":{"self":[{"href":"https:\/\/bakecakes.com.tr\/en\/wp-json\/wp\/v2\/pages\/1837","targetHints":{"allow":["GET"]}}],"collection":[{"href":"https:\/\/bakecakes.com.tr\/en\/wp-json\/wp\/v2\/pages"}],"about":[{"href":"https:\/\/bakecakes.com.tr\/en\/wp-json\/wp\/v2\/types\/page"}],"author":[{"embeddable":true,"href":"https:\/\/bakecakes.com.tr\/en\/wp-json\/wp\/v2\/users\/1"}],"replies":[{"embeddable":true,"href":"https:\/\/bakecakes.com.tr\/en\/wp-json\/wp\/v2\/comments?post=1837"}],"version-history":[{"count":0,"href":"https:\/\/bakecakes.com.tr\/en\/wp-json\/wp\/v2\/pages\/1837\/revisions"}],"wp:attachment":[{"href":"https:\/\/bakecakes.com.tr\/en\/wp-json\/wp\/v2\/media?parent=1837"}],"curies":[{"name":"wp","href":"https:\/\/api.w.org\/{rel}","templated":true}]}}